{"id":359849,"date":"2023-04-28T10:37:38","date_gmt":"2023-04-28T14:37:38","guid":{"rendered":"https:\/\/universalchurchusa.org\/pt\/?page_id=359849"},"modified":"2023-10-19T10:03:24","modified_gmt":"2023-10-19T14:03:24","slug":"solicitacao-de-dados","status":"publish","type":"page","link":"https:\/\/universalchurchusa.org\/pt\/solicitacao-de-dados\/","title":{"rendered":"Solicita\u00e7\u00e3o De Dados"},"content":{"rendered":"<h1 style=\"text-align: center;\"><span style=\"color: #003366;\">Solicita\u00e7\u00e3o de Dados<\/span><\/h1>\n<p>&nbsp;<\/p>\n<p>Seus direitos de privacidade podem variar de acordo com seu estado de resid\u00eancia. Se desejar fazer uma solicita\u00e7\u00e3o referente a suas informa\u00e7\u00f5es ou dados pessoais, preencha o formul\u00e1rio abaixo. Se as informa\u00e7\u00f5es que voc\u00ea fornecer n\u00e3o corresponderem \u00e0s que temos, poderemos n\u00e3o conseguir concluir sua solicita\u00e7\u00e3o. Este formul\u00e1rio permite que voc\u00ea envie solicita\u00e7\u00f5es de acesso, exclus\u00e3o ou corre\u00e7\u00e3o de suas informa\u00e7\u00f5es pessoais.<\/p>\n<p><span style=\"font-size: 10pt;\">Para mais informa\u00e7\u00f5es sobre os tipos de solicita\u00e7\u00e3o, consulte nossa Pol\u00edtica de Privacidade. (<a href=\"https:\/\/universalchurchusa.org\/pt\/politica-de-privacidade\"><span style=\"color: #003366;\">https:\/\/universalchurchusa.org\/pt\/politica-de-privacidade<\/span><\/a>)<\/span><\/p>\n<div class=\"wpforms-container wpforms-container-full\" id=\"wpforms-359834\"><form id=\"wpforms-form-359834\" class=\"wpforms-validate wpforms-form wpforms-ajax-form\" data-formid=\"359834\" method=\"post\" enctype=\"multipart\/form-data\" action=\"\/pt\/wp-json\/wp\/v2\/pages\/359849\" data-token=\"2bba60fefefab5730554a149e986e6b3\" data-token-time=\"1777962955\"><noscript class=\"wpforms-error-noscript\">Please enable JavaScript in your browser to complete this form.<\/noscript><div class=\"wpforms-field-container\"><div id=\"wpforms-359834-field_1-container\" class=\"wpforms-field wpforms-field-radio wpforms-list-inline\" data-field-id=\"1\"><label class=\"wpforms-field-label\">Tipo de solicita\u00e7\u00e3o <span class=\"wpforms-required-label\">*<\/span><\/label><ul id=\"wpforms-359834-field_1\" class=\"wpforms-field-required\"><li class=\"choice-2 depth-1\"><input type=\"radio\" id=\"wpforms-359834-field_1_2\" name=\"wpforms[fields][1]\" value=\"Acessar\" required ><label class=\"wpforms-field-label-inline\" for=\"wpforms-359834-field_1_2\">Acessar<\/label><\/li><li class=\"choice-1 depth-1\"><input type=\"radio\" id=\"wpforms-359834-field_1_1\" name=\"wpforms[fields][1]\" value=\"Excluir\" required ><label class=\"wpforms-field-label-inline\" for=\"wpforms-359834-field_1_1\">Excluir<\/label><\/li><li class=\"choice-5 depth-1\"><input type=\"radio\" id=\"wpforms-359834-field_1_5\" name=\"wpforms[fields][1]\" value=\"Corre\u00e7\u00e3o\" required ><label class=\"wpforms-field-label-inline\" for=\"wpforms-359834-field_1_5\">Corre\u00e7\u00e3o<\/label><\/li><li class=\"choice-7 depth-1\"><input type=\"radio\" id=\"wpforms-359834-field_1_7\" name=\"wpforms[fields][1]\" value=\"Direito de saber\" required ><label class=\"wpforms-field-label-inline\" for=\"wpforms-359834-field_1_7\">Direito de saber<\/label><\/li><li class=\"choice-6 depth-1\"><input type=\"radio\" id=\"wpforms-359834-field_1_6\" name=\"wpforms[fields][1]\" value=\"Optar por n\u00e3o participar dos meios de comunica\u00e7\u00e3o (fotografias, \u00e1udio e\/ou v\u00eddeos)\" required ><label class=\"wpforms-field-label-inline\" for=\"wpforms-359834-field_1_6\">Optar por n\u00e3o participar dos meios de comunica\u00e7\u00e3o (fotografias, \u00e1udio e\/ou v\u00eddeos)<\/label><\/li><\/ul><\/div><div id=\"wpforms-359834-field_12-container\" class=\"wpforms-field wpforms-field-select wpforms-field-select-style-classic\" data-field-id=\"12\"><label class=\"wpforms-field-label\" for=\"wpforms-359834-field_12\">Estado de resid\u00eancia<\/label><select id=\"wpforms-359834-field_12\" class=\"wpforms-field-medium\" name=\"wpforms[fields][12]\"><option value=\"\" class=\"placeholder\" disabled  selected='selected'>Selecione seu estado<\/option><option value=\"California\"  class=\"choice-1 depth-1\"  >California<\/option><option value=\"Colorado\"  class=\"choice-2 depth-1\"  >Colorado<\/option><option value=\"Connecticut\"  class=\"choice-3 depth-1\"  >Connecticut<\/option><option value=\"Utah\"  class=\"choice-4 depth-1\"  >Utah<\/option><option value=\"Virginia\"  class=\"choice-5 depth-1\"  >Virginia<\/option><option value=\"Outro (Brazil, Europe o Switzerland )\"  class=\"choice-6 depth-1\"  >Outro (Brazil, Europe o Switzerland )<\/option><\/select><\/div><div id=\"wpforms-359834-field_3-container\" class=\"wpforms-field wpforms-field-text wpforms-one-half wpforms-first\" data-field-id=\"3\"><label class=\"wpforms-field-label\" for=\"wpforms-359834-field_3\">Primeiro Nome <span class=\"wpforms-required-label\">*<\/span><\/label><input type=\"text\" id=\"wpforms-359834-field_3\" class=\"wpforms-field-large wpforms-field-required\" name=\"wpforms[fields][3]\" required><\/div><div id=\"wpforms-359834-field_4-container\" class=\"wpforms-field wpforms-field-text wpforms- wpforms-one-half wpforms-one-halfone-half\" data-field-id=\"4\"><label class=\"wpforms-field-label\" for=\"wpforms-359834-field_4\">Sobrenome <span class=\"wpforms-required-label\">*<\/span><\/label><input type=\"text\" id=\"wpforms-359834-field_4\" class=\"wpforms-field-large wpforms-field-required\" name=\"wpforms[fields][4]\" required><\/div><div id=\"wpforms-359834-field_8-container\" class=\"wpforms-field wpforms-field-email wpforms-one-half wpforms-first\" data-field-id=\"8\"><label class=\"wpforms-field-label\" for=\"wpforms-359834-field_8\">Email <span class=\"wpforms-required-label\">*<\/span><\/label><input type=\"email\" id=\"wpforms-359834-field_8\" class=\"wpforms-field-large wpforms-field-required\" data-rule-restricted-email=\"1\" name=\"wpforms[fields][8]\" spellcheck=\"false\" required><\/div><div id=\"wpforms-359834-field_9-container\" class=\"wpforms-field wpforms-field-number wpforms-one-half\" data-field-id=\"9\"><label class=\"wpforms-field-label\" for=\"wpforms-359834-field_9\">Telefone <span class=\"wpforms-required-label\">*<\/span><\/label><input type=\"number\" id=\"wpforms-359834-field_9\" class=\"wpforms-field-large wpforms-field-required\" name=\"wpforms[fields][9]\" step=\"any\" required><\/div><div id=\"wpforms-359834-field_10-container\" class=\"wpforms-field wpforms-field-radio\" data-field-id=\"10\"><label class=\"wpforms-field-label\">Esta solicita\u00e7\u00e3o \u00e9 reservada apenas para residentes da Calif\u00f3rnia, Colorado, Connecticut, Utah e Virg\u00ednia. Antes de prosseguir, confirme sua resid\u00eancia em um desses estados. <span class=\"wpforms-required-label\">*<\/span><\/label><ul id=\"wpforms-359834-field_10\" class=\"wpforms-field-required\"><li class=\"choice-1 depth-1\"><input type=\"radio\" id=\"wpforms-359834-field_10_1\" name=\"wpforms[fields][10]\" value=\"Ao enviar uma solicita\u00e7\u00e3o de conhecimento, acesso ou corre\u00e7\u00e3o de minhas informa\u00e7\u00f5es, afirmo, sob pena de perj\u00fario, que sou residente do estado selecionado ou um agente autorizado que faz esta solicita\u00e7\u00e3o.\" required ><label class=\"wpforms-field-label-inline\" for=\"wpforms-359834-field_10_1\">Ao enviar uma solicita\u00e7\u00e3o de conhecimento, acesso ou corre\u00e7\u00e3o de minhas informa\u00e7\u00f5es, afirmo, sob pena de perj\u00fario, que sou residente do estado selecionado ou um agente autorizado que faz esta solicita\u00e7\u00e3o.<\/label><\/li><\/ul><\/div><div id=\"wpforms-359834-field_11-container\" class=\"wpforms-field wpforms-field-radio\" data-field-id=\"11\"><label class=\"wpforms-field-label wpforms-label-hide\">Multiple Choice <span class=\"wpforms-required-label\">*<\/span><\/label><ul id=\"wpforms-359834-field_11\" class=\"wpforms-field-required\"><li class=\"choice-1 depth-1\"><input type=\"radio\" id=\"wpforms-359834-field_11_1\" name=\"wpforms[fields][11]\" value=\"Entendo que ap\u00f3s enviar esta solicita\u00e7\u00e3o, receberei um e-mail de verifica\u00e7\u00e3o para confirmar minha solicita\u00e7\u00e3o e devo seguir as instru\u00e7\u00f5es para ser processada. Essas informa\u00e7\u00f5es ser\u00e3o usadas para processar sua solicita\u00e7\u00e3o e para nenhum outro prop\u00f3sito.\" required ><label class=\"wpforms-field-label-inline\" for=\"wpforms-359834-field_11_1\">Entendo que ap\u00f3s enviar esta solicita\u00e7\u00e3o, receberei um e-mail de verifica\u00e7\u00e3o para confirmar minha solicita\u00e7\u00e3o e devo seguir as instru\u00e7\u00f5es para ser processada. Essas informa\u00e7\u00f5es ser\u00e3o usadas para processar sua solicita\u00e7\u00e3o e para nenhum outro prop\u00f3sito.<\/label><\/li><\/ul><div class=\"wpforms-field-description\">Essas informa\u00e7\u00f5es ser\u00e3o usadas para processar sua solicita\u00e7\u00e3o e para nenhum outro prop\u00f3sito. Manteremos um registro de sua solicita\u00e7\u00e3o de acordo com a se\u00e7\u00e3o 1798.105(d) do C\u00f3digo Civil.<\/div><\/div><\/div><!-- .wpforms-field-container --><div class=\"wpforms-recaptcha-container wpforms-is-recaptcha wpforms-is-recaptcha-type-v2\" ><div class=\"g-recaptcha\" data-sitekey=\"6Ld4ERAkAAAAAEEZKmCRAGg2PdPy41PT6eSYU_YC\"><\/div><input type=\"text\" name=\"g-recaptcha-hidden\" class=\"wpforms-recaptcha-hidden\" style=\"position:absolute!important;clip:rect(0,0,0,0)!important;height:1px!important;width:1px!important;border:0!important;overflow:hidden!important;padding:0!important;margin:0!important;\" data-rule-recaptcha=\"1\"><\/div><div class=\"wpforms-submit-container\" ><input type=\"hidden\" name=\"wpforms[id]\" value=\"359834\"><input type=\"hidden\" name=\"page_title\" value=\"\"><input type=\"hidden\" name=\"page_url\" value=\"https:\/\/universalchurchusa.org\/pt\/wp-json\/wp\/v2\/pages\/359849\"><input type=\"hidden\" name=\"url_referer\" value=\"\"><button type=\"submit\" name=\"wpforms[submit]\" id=\"wpforms-submit-359834\" class=\"wpforms-submit\" data-alt-text=\"Enviando...\" data-submit-text=\"Enviar\" aria-live=\"assertive\" value=\"wpforms-submit\">Enviar<\/button><img loading=\"lazy\" decoding=\"async\" src=\"https:\/\/universalchurchusa.org\/pt\/wp-content\/plugins\/wpforms-lite\/assets\/images\/submit-spin.svg\" class=\"wpforms-submit-spinner\" style=\"display: none;\" width=\"26\" height=\"26\" alt=\"Loading\"><\/div><\/form><\/div>  <!-- .wpforms-container -->\n","protected":false},"excerpt":{"rendered":"<p>Solicita\u00e7\u00e3o de Dados &nbsp; Seus direitos de privacidade podem variar de acordo com seu estado de resid\u00eancia. Se desejar fazer uma solicita\u00e7\u00e3o referente a suas informa\u00e7\u00f5es ou dados pessoais, preencha o formul\u00e1rio abaixo. Se as informa\u00e7\u00f5es que voc\u00ea fornecer n\u00e3o corresponderem \u00e0s que temos, poderemos n\u00e3o conseguir concluir sua solicita\u00e7\u00e3o. Este formul\u00e1rio permite que voc\u00ea [&hellip;]<\/p>\n","protected":false},"author":286,"featured_media":0,"parent":0,"menu_order":0,"comment_status":"closed","ping_status":"closed","template":"","meta":{"footnotes":""},"site":[],"class_list":["post-359849","page","type-page","status-publish","hentry"],"_links":{"self":[{"href":"https:\/\/universalchurchusa.org\/pt\/wp-json\/wp\/v2\/pages\/359849","targetHints":{"allow":["GET"]}}],"collection":[{"href":"https:\/\/universalchurchusa.org\/pt\/wp-json\/wp\/v2\/pages"}],"about":[{"href":"https:\/\/universalchurchusa.org\/pt\/wp-json\/wp\/v2\/types\/page"}],"author":[{"embeddable":true,"href":"https:\/\/universalchurchusa.org\/pt\/wp-json\/wp\/v2\/users\/286"}],"replies":[{"embeddable":true,"href":"https:\/\/universalchurchusa.org\/pt\/wp-json\/wp\/v2\/comments?post=359849"}],"version-history":[{"count":10,"href":"https:\/\/universalchurchusa.org\/pt\/wp-json\/wp\/v2\/pages\/359849\/revisions"}],"predecessor-version":[{"id":361406,"href":"https:\/\/universalchurchusa.org\/pt\/wp-json\/wp\/v2\/pages\/359849\/revisions\/361406"}],"wp:attachment":[{"href":"https:\/\/universalchurchusa.org\/pt\/wp-json\/wp\/v2\/media?parent=359849"}],"wp:term":[{"taxonomy":"site","embeddable":true,"href":"https:\/\/universalchurchusa.org\/pt\/wp-json\/wp\/v2\/site?post=359849"}],"curies":[{"name":"wp","href":"https:\/\/api.w.org\/{rel}","templated":true}]}}