{"id":356128,"date":"2022-07-25T20:06:22","date_gmt":"2022-07-26T00:06:22","guid":{"rendered":"https:\/\/universalchurchusa.org\/pt\/?page_id=356128"},"modified":"2023-04-13T12:08:16","modified_gmt":"2023-04-13T16:08:16","slug":"enderecos","status":"publish","type":"page","link":"https:\/\/universalchurchusa.org\/pt\/enderecos\/","title":{"rendered":"Encontre uma Igreja Universal perto de voc\u00ea"},"content":{"rendered":"<p>Encontre uma Igreja Universal perto de voc\u00ea nos Estados Unidos. Aberta diariamente para ajud\u00e1-lo a crescer espiritualmente com a Palavra de Deus.<\/p>\n<p><span class=\"ui-provider bmo bmp c d e f g h i j k l m n o p q r s t bmq bmr w x y z ab ac ae af ag ah ai aj ak\" dir=\"ltr\">&lt;div style=&#8221;display:none;&#8221;&gt;Igreja brasileira near me &#8211; <\/span>Encontre uma Igreja brasileira mais pr\u00f3xima de voc\u00ea. Aberta diariamente para ajud\u00e1-lo a crescer espiritualmente com a Palavra de Deus.<br \/>\nMeta Description: Encontre uma Igreja brasileira aberta diariamente para ajud\u00e1-lo a crescer espiritualmente com a Palavra de Deus. Descubra uma comunidade espiritual mais pr\u00f3xima de voc\u00ea.<br \/>\nOutline \/ What is this content about: Este artigo destaca a import\u00e2ncia de encontrar uma igreja brasileira aberta diariamente para ajud\u00e1-lo a crescer espiritualmente com a Palavra de Deus. Vamos discutir os benef\u00edcios de frequentar uma igreja, como encontrar a igreja certa para voc\u00ea, como se envolver na comunidade da igreja e como crescer espiritualmente por meio da Palavra de Deus.<br \/>\nWhat keywords and topics are recommended or required?: Igreja, Igreja brasileira, Aberta diariamente, crescer espiritualmente, Palavra de Deus, comunidade espiritual, encontrar a igreja certa.<br \/>\nWhat key questions do readers have that need to be answered?:<br \/>\nQual \u00e9 a import\u00e2ncia de frequentar uma igreja brasileira aberta diariamente?<br \/>\nComo encontrar a igreja certa para mim?<br \/>\nComo me envolver na comunidade da igreja?<br \/>\n<a href=\"https:\/\/universalchurchusa.org\/pt\/agenda\/\">Como crescer espiritualmente por meio da Palavra de Deus?<\/a><br \/>\nQuais s\u00e3o os benef\u00edcios de se envolver em uma comunidade espiritual?<br \/>\nComo a igreja pode me ajudar a crescer espiritualmente?<br \/>\nComo a igreja pode me ajudar em tempos de crise?<br \/>\nQual \u00e9 a import\u00e2ncia da comunh\u00e3o crist\u00e3?<br \/>\nComo posso lidar com diferen\u00e7as teol\u00f3gicas na igreja?<br \/>\nComo a igreja pode me ajudar a encontrar meu prop\u00f3sito na vida?<\/p>\n<p>&nbsp;<\/p>\n<p><span class=\"ui-provider bmo bmp c d e f g h i j k l m n o p q r s t bmq bmr w x y z ab ac ae af ag ah ai aj ak\" dir=\"ltr\">&lt;\/div&gt;<\/span><\/p>\n","protected":false},"excerpt":{"rendered":"<p>Encontre uma Igreja Universal perto de voc\u00ea nos Estados Unidos. Aberta diariamente para ajud\u00e1-lo a crescer espiritualmente com a Palavra de Deus. &lt;div style=&#8221;display:none;&#8221;&gt;Igreja brasileira near me &#8211; Encontre uma Igreja brasileira mais pr\u00f3xima de voc\u00ea. Aberta diariamente para ajud\u00e1-lo a crescer espiritualmente com a Palavra de Deus. Meta Description: Encontre uma Igreja brasileira aberta [&hellip;]<\/p>\n","protected":false},"author":246,"featured_media":0,"parent":0,"menu_order":0,"comment_status":"closed","ping_status":"closed","template":"page-experiencia.php","meta":{"footnotes":""},"site":[],"class_list":["post-356128","page","type-page","status-publish","hentry"],"_links":{"self":[{"href":"https:\/\/universalchurchusa.org\/pt\/wp-json\/wp\/v2\/pages\/356128","targetHints":{"allow":["GET"]}}],"collection":[{"href":"https:\/\/universalchurchusa.org\/pt\/wp-json\/wp\/v2\/pages"}],"about":[{"href":"https:\/\/universalchurchusa.org\/pt\/wp-json\/wp\/v2\/types\/page"}],"author":[{"embeddable":true,"href":"https:\/\/universalchurchusa.org\/pt\/wp-json\/wp\/v2\/users\/246"}],"replies":[{"embeddable":true,"href":"https:\/\/universalchurchusa.org\/pt\/wp-json\/wp\/v2\/comments?post=356128"}],"version-history":[{"count":6,"href":"https:\/\/universalchurchusa.org\/pt\/wp-json\/wp\/v2\/pages\/356128\/revisions"}],"predecessor-version":[{"id":359698,"href":"https:\/\/universalchurchusa.org\/pt\/wp-json\/wp\/v2\/pages\/356128\/revisions\/359698"}],"wp:attachment":[{"href":"https:\/\/universalchurchusa.org\/pt\/wp-json\/wp\/v2\/media?parent=356128"}],"wp:term":[{"taxonomy":"site","embeddable":true,"href":"https:\/\/universalchurchusa.org\/pt\/wp-json\/wp\/v2\/site?post=356128"}],"curies":[{"name":"wp","href":"https:\/\/api.w.org\/{rel}","templated":true}]}}