{"id":380059,"date":"2023-04-28T09:26:22","date_gmt":"2023-04-28T16:26:22","guid":{"rendered":"https:\/\/universalchurchusa.org\/es\/?page_id=380059"},"modified":"2023-10-18T12:55:18","modified_gmt":"2023-10-18T19:55:18","slug":"solicitud-de-datos","status":"publish","type":"page","link":"http:\/\/universalchurchusa.org\/es\/solicitud-de-datos\/","title":{"rendered":"Solicitud de datos"},"content":{"rendered":"<div id=\"tw-target-text-container\" class=\"tw-ta-container F0azHf tw-nfl\" tabindex=\"0\">\n<h1 class=\"tw-data-text tw-text-large tw-ta\" dir=\"ltr\" style=\"text-align: center;\" data-placeholder=\"Translation\"><span class=\"Y2IQFc\" lang=\"es\"><br \/>\n<span style=\"color: #003366;\">Solicitud de Datos Personales<\/span><\/span><\/h1>\n<p>&nbsp;<\/p>\n<\/div>\n<p>Sus derechos de privacidad pueden variar seg\u00fan su estado de residencia. Si desea realizar una solicitud con respecto a su informaci\u00f3n o datos personales, complete el siguiente formulario. Si la informaci\u00f3n que proporciona no coincide con la informaci\u00f3n que tenemos, es posible que no podamos completar su solicitud. Este formulario le permite enviar solicitudes para acceder, eliminar o corregir su informaci\u00f3n personal.<\/p>\n<p><span style=\"font-size: 10pt;\">Para obtener m\u00e1s informaci\u00f3n sobre los tipos de solicitudes, consulte nuestra Pol\u00edtica de privacidad. (<span style=\"color: #003300;\"><a style=\"color: #003300;\" href=\"https:\/\/universalchurchusa.org\/es\/politica-de-privacidad\">https:\/\/universalchurchusa.org\/es\/politica-de-privacidad<\/a><\/span>)<\/span><\/p>\n<div class=\"wpforms-container wpforms-container-full\" id=\"wpforms-380056\"><form id=\"wpforms-form-380056\" class=\"wpforms-validate wpforms-form wpforms-ajax-form\" data-formid=\"380056\" method=\"post\" enctype=\"multipart\/form-data\" action=\"\/es\/wp-json\/wp\/v2\/pages\/380059\" data-token=\"bf0b31e2cdb1b620750c3e4df497099e\" data-token-time=\"1776460489\"><noscript class=\"wpforms-error-noscript\">Please enable JavaScript in your browser to complete this form.<\/noscript><div class=\"wpforms-field-container\"><div id=\"wpforms-380056-field_2-container\" class=\"wpforms-field wpforms-field-radio wpforms-list-inline\" data-field-id=\"2\"><label class=\"wpforms-field-label\">Tipo de Solicitud <span class=\"wpforms-required-label\">*<\/span><\/label><ul id=\"wpforms-380056-field_2\" class=\"wpforms-field-required\"><li class=\"choice-1 depth-1\"><input type=\"radio\" id=\"wpforms-380056-field_2_1\" name=\"wpforms[fields][2]\" value=\"Acceso\" required ><label class=\"wpforms-field-label-inline\" for=\"wpforms-380056-field_2_1\">Acceso<\/label><\/li><li class=\"choice-2 depth-1\"><input type=\"radio\" id=\"wpforms-380056-field_2_2\" name=\"wpforms[fields][2]\" value=\"Eliminar\" required ><label class=\"wpforms-field-label-inline\" for=\"wpforms-380056-field_2_2\">Eliminar<\/label><\/li><li class=\"choice-3 depth-1\"><input type=\"radio\" id=\"wpforms-380056-field_2_3\" name=\"wpforms[fields][2]\" value=\"Corregir\" required ><label class=\"wpforms-field-label-inline\" for=\"wpforms-380056-field_2_3\">Corregir<\/label><\/li><li class=\"choice-5 depth-1\"><input type=\"radio\" id=\"wpforms-380056-field_2_5\" name=\"wpforms[fields][2]\" value=\"Derecho a saber\" required ><label class=\"wpforms-field-label-inline\" for=\"wpforms-380056-field_2_5\">Derecho a saber<\/label><\/li><li class=\"choice-4 depth-1\"><input type=\"radio\" id=\"wpforms-380056-field_2_4\" name=\"wpforms[fields][2]\" value=\"Optar por no participar de los medios de comunicaci\u00f3n (fotograf\u00edas, audio y\/o videos)\" required ><label class=\"wpforms-field-label-inline\" for=\"wpforms-380056-field_2_4\">Optar por no participar de los medios de comunicaci\u00f3n (fotograf\u00edas, audio y\/o videos)<\/label><\/li><\/ul><\/div><div id=\"wpforms-380056-field_8-container\" class=\"wpforms-field wpforms-field-select wpforms-field-select-style-modern\" data-field-id=\"8\"><label class=\"wpforms-field-label\" for=\"wpforms-380056-field_8\">Estado de residencia <span class=\"wpforms-required-label\">*<\/span><\/label><select id=\"wpforms-380056-field_8\" class=\"wpforms-field-small wpforms-field-required choicesjs-select\" data-size-class=\"wpforms-field-row wpforms-field-small\" data-search-enabled=\"\" name=\"wpforms[fields][8]\" required=\"required\"><option value=\"\" class=\"placeholder\" disabled  selected='selected'>Elija su estado<\/option><option value=\"California\"  class=\"choice-1 depth-1\"  >California<\/option><option value=\"Colorado\"  class=\"choice-2 depth-1\"  >Colorado<\/option><option value=\"Connecticut\"  class=\"choice-5 depth-1\"  >Connecticut<\/option><option value=\"Utah\"  class=\"choice-6 depth-1\"  >Utah<\/option><option value=\"Virginia\"  class=\"choice-7 depth-1\"  >Virginia<\/option><option value=\"Other (Brazil, Europe o Switzerland)\"  class=\"choice-8 depth-1\"  >Other (Brazil, Europe o Switzerland)<\/option><\/select><\/div><div id=\"wpforms-380056-field_3-container\" class=\"wpforms-field wpforms-field-text wpforms-one-half wpforms-first\" data-field-id=\"3\"><label class=\"wpforms-field-label\" for=\"wpforms-380056-field_3\">Nombre <span class=\"wpforms-required-label\">*<\/span><\/label><input type=\"text\" id=\"wpforms-380056-field_3\" class=\"wpforms-field-large wpforms-field-required\" name=\"wpforms[fields][3]\" required><\/div><div id=\"wpforms-380056-field_4-container\" class=\"wpforms-field wpforms-field-text wpforms-one-half\" data-field-id=\"4\"><label class=\"wpforms-field-label\" for=\"wpforms-380056-field_4\">Apellido <span class=\"wpforms-required-label\">*<\/span><\/label><input type=\"text\" id=\"wpforms-380056-field_4\" class=\"wpforms-field-large wpforms-field-required\" name=\"wpforms[fields][4]\" required><\/div><div id=\"wpforms-380056-field_5-container\" class=\"wpforms-field wpforms-field-email wpforms-one-half wpforms-first\" data-field-id=\"5\"><label class=\"wpforms-field-label\" for=\"wpforms-380056-field_5\">Correo electr\u00f3nico <span class=\"wpforms-required-label\">*<\/span><\/label><input type=\"email\" id=\"wpforms-380056-field_5\" class=\"wpforms-field-large wpforms-field-required\" name=\"wpforms[fields][5]\" spellcheck=\"false\" required><\/div><div id=\"wpforms-380056-field_6-container\" class=\"wpforms-field wpforms-field-number wpforms-one-half\" data-field-id=\"6\"><label class=\"wpforms-field-label\" for=\"wpforms-380056-field_6\">Tel\u00e9fono <span class=\"wpforms-required-label\">*<\/span><\/label><input type=\"number\" id=\"wpforms-380056-field_6\" class=\"wpforms-field-large wpforms-field-required\" name=\"wpforms[fields][6]\" placeholder=\"+1\" step=\"any\" required><\/div><div id=\"wpforms-380056-field_7-container\" class=\"wpforms-field wpforms-field-checkbox\" data-field-id=\"7\"><label class=\"wpforms-field-label\">Esta solicitud est\u00e1 reservada \u00fanicamente para residentes de California, Colorado, Connecticut, Utah y Virginia. Antes de continuar, confirme su residencia en uno de estos estados. <span class=\"wpforms-required-label\">*<\/span><\/label><ul id=\"wpforms-380056-field_7\" class=\"wpforms-field-required\"><li class=\"choice-3 depth-1\"><input type=\"checkbox\" id=\"wpforms-380056-field_7_3\" name=\"wpforms[fields][7][]\" value=\"Al enviar una solicitud para conocer, acceder o corregir mi informaci\u00f3n, afirmo, bajo pena de perjurio, que soy residente del estado seleccionado o un agente autorizado que realiza esta solicitud.\" required ><label class=\"wpforms-field-label-inline\" for=\"wpforms-380056-field_7_3\">Al enviar una solicitud para conocer, acceder o corregir mi informaci\u00f3n, afirmo, bajo pena de perjurio, que soy residente del estado seleccionado o un agente autorizado que realiza esta solicitud.<\/label><\/li><\/ul><\/div><div id=\"wpforms-380056-field_9-container\" class=\"wpforms-field wpforms-field-radio\" data-field-id=\"9\"><label class=\"wpforms-field-label wpforms-label-hide\">Multiple Choice <span class=\"wpforms-required-label\">*<\/span><\/label><ul id=\"wpforms-380056-field_9\" class=\"wpforms-field-required\"><li class=\"choice-1 depth-1\"><input type=\"radio\" id=\"wpforms-380056-field_9_1\" name=\"wpforms[fields][9]\" value=\"Entiendo que despu\u00e9s de enviar esta solicitud, recibir\u00e9 un correo electr\u00f3nico de verificaci\u00f3n para confirmar mi solicitud y debo seguir las instrucciones para ser procesada. Esta informaci\u00f3n se utilizar\u00e1 para procesar su solicitud y no para ning\u00fan otro prop\u00f3sito.\" required ><label class=\"wpforms-field-label-inline\" for=\"wpforms-380056-field_9_1\">Entiendo que despu\u00e9s de enviar esta solicitud, recibir\u00e9 un correo electr\u00f3nico de verificaci\u00f3n para confirmar mi solicitud y debo seguir las instrucciones para ser procesada. Esta informaci\u00f3n se utilizar\u00e1 para procesar su solicitud y no para ning\u00fan otro prop\u00f3sito.<\/label><\/li><\/ul><div class=\"wpforms-field-description\">Esta informaci\u00f3n se utilizar\u00e1 para procesar su solicitud y no para ning\u00fan otro prop\u00f3sito. Mantendremos un registro de su solicitud de conformidad con la secci\u00f3n 1798.105(d) del C\u00f3digo Civil.<\/div><\/div><\/div><!-- .wpforms-field-container --><div class=\"wpforms-recaptcha-container wpforms-is-recaptcha wpforms-is-recaptcha-type-v2\" ><div class=\"g-recaptcha\" data-sitekey=\"6Ld4ERAkAAAAAEEZKmCRAGg2PdPy41PT6eSYU_YC\"><\/div><input type=\"text\" name=\"g-recaptcha-hidden\" class=\"wpforms-recaptcha-hidden\" style=\"position:absolute!important;clip:rect(0,0,0,0)!important;height:1px!important;width:1px!important;border:0!important;overflow:hidden!important;padding:0!important;margin:0!important;\" data-rule-recaptcha=\"1\"><\/div><div class=\"wpforms-submit-container\" ><input type=\"hidden\" name=\"wpforms[id]\" value=\"380056\"><input type=\"hidden\" name=\"page_title\" value=\"\"><input type=\"hidden\" name=\"page_url\" value=\"https:\/\/universalchurchusa.org\/es\/wp-json\/wp\/v2\/pages\/380059\"><input type=\"hidden\" name=\"url_referer\" value=\"\"><button type=\"submit\" name=\"wpforms[submit]\" id=\"wpforms-submit-380056\" class=\"wpforms-submit\" data-alt-text=\"Enviando\" data-submit-text=\"Enviar\" aria-live=\"assertive\" value=\"wpforms-submit\">Enviar<\/button><img loading=\"lazy\" decoding=\"async\" src=\"https:\/\/universalchurchusa.org\/es\/wp-content\/plugins\/wpforms-lite\/assets\/images\/submit-spin.svg\" class=\"wpforms-submit-spinner\" style=\"display: none;\" width=\"26\" height=\"26\" alt=\"Loading\"><\/div><\/form><\/div>  <!-- .wpforms-container -->\n","protected":false},"excerpt":{"rendered":"<p>Solicitud de Datos Personales &nbsp; Sus derechos de privacidad pueden variar seg\u00fan su estado de residencia. Si desea realizar una solicitud con respecto a su informaci\u00f3n o datos personales, complete el siguiente formulario. Si la informaci\u00f3n que proporciona no coincide con la informaci\u00f3n que tenemos, es posible que no podamos completar su solicitud. Este formulario [&hellip;]<\/p>\n","protected":false},"author":286,"featured_media":0,"parent":0,"menu_order":0,"comment_status":"closed","ping_status":"closed","template":"","meta":{"footnotes":""},"site":[],"class_list":["post-380059","page","type-page","status-publish","hentry"],"_links":{"self":[{"href":"https:\/\/universalchurchusa.org\/es\/wp-json\/wp\/v2\/pages\/380059","targetHints":{"allow":["GET"]}}],"collection":[{"href":"https:\/\/universalchurchusa.org\/es\/wp-json\/wp\/v2\/pages"}],"about":[{"href":"https:\/\/universalchurchusa.org\/es\/wp-json\/wp\/v2\/types\/page"}],"author":[{"embeddable":true,"href":"https:\/\/universalchurchusa.org\/es\/wp-json\/wp\/v2\/users\/286"}],"replies":[{"embeddable":true,"href":"https:\/\/universalchurchusa.org\/es\/wp-json\/wp\/v2\/comments?post=380059"}],"version-history":[{"count":5,"href":"https:\/\/universalchurchusa.org\/es\/wp-json\/wp\/v2\/pages\/380059\/revisions"}],"predecessor-version":[{"id":380066,"href":"https:\/\/universalchurchusa.org\/es\/wp-json\/wp\/v2\/pages\/380059\/revisions\/380066"}],"wp:attachment":[{"href":"https:\/\/universalchurchusa.org\/es\/wp-json\/wp\/v2\/media?parent=380059"}],"wp:term":[{"taxonomy":"site","embeddable":true,"href":"https:\/\/universalchurchusa.org\/es\/wp-json\/wp\/v2\/site?post=380059"}],"curies":[{"name":"wp","href":"https:\/\/api.w.org\/{rel}","templated":true}]}}