{"id":305589,"date":"2018-11-26T17:56:36","date_gmt":"2018-11-26T19:56:36","guid":{"rendered":"https:\/\/www.universal.org\/?page_id=177"},"modified":"2025-06-20T12:09:29","modified_gmt":"2025-06-20T19:09:29","slug":"contactenos","status":"publish","type":"page","link":"http:\/\/universalchurchusa.org\/es\/contactenos\/","title":{"rendered":"Cont\u00e1ctenos"},"content":{"rendered":"<h1 class=\"title-small-blue\">Cont\u00e1ctenos &#8211; La Iglesia Universal<\/h1>\n<p>&nbsp;<\/p>\n<p data-start=\"65\" data-end=\"566\"><strong data-start=\"65\" data-end=\"566\">(<span style=\"text-decoration: underline;\"><span style=\"color: #ff0000; text-decoration: underline;\">AVISO IMPORTANTE<\/span><\/span>: Debido a un problema t\u00e9cnico en nuestro sitio web, <span style=\"color: #ff0000;\">los formularios enviados entre el 17 de abril y el 22 de mayo se perdieron de forma irreversible<\/span>. Lamentamos los inconvenientes que esto haya podido causar. Si envi\u00f3 un mensaje durante ese per\u00edodo, le pedimos amablemente que lo reenv\u00ede o se comunique con nosotros directamente a trav\u00e9s de nuestra l\u00ednea de ayuda al 1-888-332-4141. Una vez m\u00e1s, le pedimos disculpas sinceramente y le agradecemos por su paciencia y comprensi\u00f3n.)<\/strong><\/p>\n<p data-start=\"568\" data-end=\"827\">Gracias por comunicarse con nosotros. Puede contactarnos a trav\u00e9s de nuestra l\u00ednea de ayuda disponible las 24 horas al <span style=\"font-size: 12pt; font-family: georgia, palatino, serif;\"><span style=\"color: #800000;\"><a style=\"color: #800000;\" href=\"tel:1(800) 581-4141\">(800) 581-4141<\/a><\/span><\/span>, o completando el formulario a continuaci\u00f3n para enviarnos un correo electr\u00f3nico. Le responderemos lo m\u00e1s pronto posible.<\/p>\n<p data-start=\"829\" data-end=\"856\"><strong data-start=\"829\" data-end=\"856\">Informaci\u00f3n Importante:<\/strong><\/p>\n<ul data-start=\"858\" data-end=\"1691\">\n<li data-start=\"858\" data-end=\"1055\">\n<p data-start=\"860\" data-end=\"1055\"><strong data-start=\"860\" data-end=\"875\">Emergencia:<\/strong> Si est\u00e1 experimentando una emergencia, por favor llame al 911 si se encuentra en los EE. UU., o comun\u00edquese con los servicios de emergencia locales en otros pa\u00edses de inmediato.<\/p>\n<\/li>\n<li data-start=\"1056\" data-end=\"1320\">\n<p data-start=\"1058\" data-end=\"1320\"><strong data-start=\"1058\" data-end=\"1081\">Nuestros Servicios:<\/strong> La Iglesia Universal ofrece orientaci\u00f3n, apoyo y oraci\u00f3n basados en la fe y centrados en la Biblia. Tenga en cuenta que este sitio web y formulario de contacto no est\u00e1n destinados a reemplazar servicios m\u00e9dicos, legales o profesionales.<\/p>\n<\/li>\n<li data-start=\"1321\" data-end=\"1691\">\n<p data-start=\"1323\" data-end=\"1691\"><strong data-start=\"1323\" data-end=\"1349\">Asistencia Financiera:<\/strong> La Iglesia Universal no ofrece programas de ayuda financiera. Nuestro enfoque est\u00e1 en la organizaci\u00f3n de eventos de alcance y actividades comunitarias planificadas. Si necesita servicios humanos esenciales en los EE. UU., por favor llame al 211 o visite <a class=\"\" href=\"https:\/\/211.org\" target=\"_new\" rel=\"noopener\" data-start=\"1604\" data-end=\"1630\">211.org<\/a> para obtener informaci\u00f3n sobre recursos locales disponibles.<\/p>\n<\/li>\n<\/ul>\n<p data-start=\"1693\" data-end=\"1747\">Esperamos poder ayudarle, apoyarle y guiarle en la fe.<\/p>\n<p data-start=\"1749\" data-end=\"1840\"><span style=\"font-family: georgia, palatino, serif; font-size: 10pt;\"><span style=\"color: #000000;\">Para cualquier queja u otra inquietud, comun\u00edquese con el <span style=\"color: #b1232a;\"><a class=\"\" style=\"color: #800000;\" href=\"#\" data-toggle=\"modal\" data-target=\"#modalComunicarErro\">Oficina Adminstrativa<\/a><\/span><a class=\"\" style=\"color: #000000;\" href=\"#\" data-toggle=\"modal\" data-target=\"#modalComunicarErro\">.<\/a><\/span><\/span><\/p>\n<p data-start=\"1749\" data-end=\"1840\">\n<div class=\"wpforms-container wpforms-container-full\" id=\"wpforms-379091\"><form id=\"wpforms-form-379091\" class=\"wpforms-validate wpforms-form wpforms-ajax-form\" data-formid=\"379091\" method=\"post\" enctype=\"multipart\/form-data\" action=\"\/es\/wp-json\/wp\/v2\/pages\/305589\" data-token=\"a7f61c9a3eb3b6c5b0193dae987e74dc\" data-token-time=\"1776938553\"><noscript class=\"wpforms-error-noscript\">Please enable JavaScript in your browser to complete this form.<\/noscript><div class=\"wpforms-field-container\"><div id=\"wpforms-379091-field_11-container\" class=\"wpforms-field wpforms-field-name\" data-field-id=\"11\"><label class=\"wpforms-field-label\" for=\"wpforms-379091-field_11\">Nombre <span class=\"wpforms-required-label\">*<\/span><\/label><div class=\"wpforms-field-row wpforms-field-large\"><div class=\"wpforms-field-row-block wpforms-first wpforms-one-half\"><input type=\"text\" id=\"wpforms-379091-field_11\" class=\"wpforms-field-name-first wpforms-field-required\" name=\"wpforms[fields][11][first]\" placeholder=\"Nombre\" required><label for=\"wpforms-379091-field_11\" class=\"wpforms-field-sublabel after wpforms-sublabel-hide\">First<\/label><\/div><div class=\"wpforms-field-row-block wpforms-one-half\"><input type=\"text\" id=\"wpforms-379091-field_11-last\" class=\"wpforms-field-name-last wpforms-field-required\" name=\"wpforms[fields][11][last]\" placeholder=\"Appellido\" required><label for=\"wpforms-379091-field_11-last\" class=\"wpforms-field-sublabel after wpforms-sublabel-hide\">Last<\/label><\/div><\/div><\/div><div id=\"wpforms-379091-field_8-container\" class=\"wpforms-field wpforms-field-email wpforms-one-half wpforms-first\" data-field-id=\"8\"><label class=\"wpforms-field-label\" for=\"wpforms-379091-field_8\">Correo electr\u00f3nico <span class=\"wpforms-required-label\">*<\/span><\/label><input type=\"email\" id=\"wpforms-379091-field_8\" class=\"wpforms-field-large wpforms-field-required\" data-rule-restricted-email=\"1\" name=\"wpforms[fields][8]\" spellcheck=\"false\" required><\/div><div id=\"wpforms-379091-field_9-container\" class=\"wpforms-field wpforms-field-text wpforms-one-half\" data-field-id=\"9\"><label class=\"wpforms-field-label\" for=\"wpforms-379091-field_9\">Tel\u00e9fono <span class=\"wpforms-required-label\">*<\/span><\/label><input type=\"text\" id=\"wpforms-379091-field_9\" class=\"wpforms-field-large wpforms-field-required wpforms-masked-input\" data-rule-inputmask-incomplete=\"1\" data-inputmask-mask=\"+1 (999)999-9999\" name=\"wpforms[fields][9]\" placeholder=\"+1\" required><\/div><div id=\"wpforms-379091-field_5-container\" class=\"wpforms-field wpforms-field-select wpforms-one-half wpforms-first wpforms-field-select-style-classic\" data-field-id=\"5\"><label class=\"wpforms-field-label\" for=\"wpforms-379091-field_5\">Tema <span class=\"wpforms-required-label\">*<\/span><\/label><select id=\"wpforms-379091-field_5\" class=\"wpforms-field-large wpforms-field-required\" name=\"wpforms[fields][5]\" required=\"required\"><option value=\"\" class=\"placeholder\" disabled  selected='selected'>Selecci\u00f3ne<\/option><option value=\"Enviar Sugerencias\"  class=\"choice-5 depth-1\"  >Enviar Sugerencias<\/option><option value=\"Pedido de Oraci\u00f3n\"  class=\"choice-6 depth-1\"  >Pedido de Oraci\u00f3n<\/option><option value=\"Orientaci\u00f3n Espiritual\"  class=\"choice-7 depth-1\"  >Orientaci\u00f3n Espiritual<\/option><option value=\"Marcar vista al hogar, asilo o prisi\u00f3n\"  class=\"choice-8 depth-1\"  >Marcar vista al hogar, asilo o prisi\u00f3n<\/option><\/select><\/div><div id=\"wpforms-379091-field_6-container\" class=\"wpforms-field wpforms-field-select wpforms-one-half wpforms-field-select-style-classic\" data-field-id=\"6\"><label class=\"wpforms-field-label\" for=\"wpforms-379091-field_6\">Estado <span class=\"wpforms-required-label\">*<\/span><\/label><select id=\"wpforms-379091-field_6\" class=\"wpforms-field-large wpforms-field-required\" name=\"wpforms[fields][6]\" required=\"required\"><option value=\"\" class=\"placeholder\" disabled  selected='selected'>Selecci\u00f3ne<\/option><option value=\"Alabama\"  class=\"choice-4 depth-1\"  >Alabama<\/option><option value=\"Alaska\"  class=\"choice-5 depth-1\"  >Alaska<\/option><option value=\"Arizona\"  class=\"choice-6 depth-1\"  >Arizona<\/option><option value=\"Arkansas\"  class=\"choice-7 depth-1\"  >Arkansas<\/option><option value=\"California\"  class=\"choice-8 depth-1\"  >California<\/option><option value=\"Colorado\"  class=\"choice-9 depth-1\"  >Colorado<\/option><option value=\"Connecticut\"  class=\"choice-10 depth-1\"  >Connecticut<\/option><option value=\"Delaware\"  class=\"choice-11 depth-1\"  >Delaware<\/option><option value=\"District of Columbia\"  class=\"choice-12 depth-1\"  >District of Columbia<\/option><option value=\"Florida\"  class=\"choice-13 depth-1\"  >Florida<\/option><option value=\"Georgia\"  class=\"choice-14 depth-1\"  >Georgia<\/option><option value=\"Hawaii\"  class=\"choice-15 depth-1\"  >Hawaii<\/option><option value=\"Idaho\"  class=\"choice-16 depth-1\"  >Idaho<\/option><option value=\"Illinois\"  class=\"choice-17 depth-1\"  >Illinois<\/option><option value=\"Indiana\"  class=\"choice-18 depth-1\"  >Indiana<\/option><option value=\"Iowa\"  class=\"choice-19 depth-1\"  >Iowa<\/option><option value=\"Kansas\"  class=\"choice-20 depth-1\"  >Kansas<\/option><option value=\"Kentucky\"  class=\"choice-21 depth-1\"  >Kentucky<\/option><option value=\"Louisiana\"  class=\"choice-22 depth-1\"  >Louisiana<\/option><option value=\"Maine\"  class=\"choice-23 depth-1\"  >Maine<\/option><option value=\"Maryland\"  class=\"choice-24 depth-1\"  >Maryland<\/option><option value=\"Massachusetts\"  class=\"choice-25 depth-1\"  >Massachusetts<\/option><option value=\"Michigan\"  class=\"choice-26 depth-1\"  >Michigan<\/option><option value=\"Minnesota\"  class=\"choice-27 depth-1\"  >Minnesota<\/option><option value=\"Mississippi\"  class=\"choice-28 depth-1\"  >Mississippi<\/option><option value=\"Missouri\"  class=\"choice-29 depth-1\"  >Missouri<\/option><option value=\"Montana\"  class=\"choice-30 depth-1\"  >Montana<\/option><option value=\"Nebraska\"  class=\"choice-31 depth-1\"  >Nebraska<\/option><option value=\"Nevada\"  class=\"choice-32 depth-1\"  >Nevada<\/option><option value=\"New Hampshire\"  class=\"choice-33 depth-1\"  >New Hampshire<\/option><option value=\"New Jersey\"  class=\"choice-34 depth-1\"  >New Jersey<\/option><option value=\"New Mexico\"  class=\"choice-35 depth-1\"  >New Mexico<\/option><option value=\"New York\"  class=\"choice-36 depth-1\"  >New York<\/option><option value=\"North Carolina\"  class=\"choice-37 depth-1\"  >North Carolina<\/option><option value=\"North Dakota\"  class=\"choice-38 depth-1\"  >North Dakota<\/option><option value=\"Ohio\"  class=\"choice-39 depth-1\"  >Ohio<\/option><option value=\"Oklahoma\"  class=\"choice-40 depth-1\"  >Oklahoma<\/option><option value=\"Oregon\"  class=\"choice-41 depth-1\"  >Oregon<\/option><option value=\"Pennsylvania\"  class=\"choice-42 depth-1\"  >Pennsylvania<\/option><option value=\"Rhode Island\"  class=\"choice-43 depth-1\"  >Rhode Island<\/option><option value=\"South Carolina\"  class=\"choice-44 depth-1\"  >South Carolina<\/option><option value=\"South Dakota\"  class=\"choice-45 depth-1\"  >South Dakota<\/option><option value=\"Tennessee\"  class=\"choice-46 depth-1\"  >Tennessee<\/option><option value=\"Texas\"  class=\"choice-47 depth-1\"  >Texas<\/option><option value=\"Utah\"  class=\"choice-48 depth-1\"  >Utah<\/option><option value=\"Vermont\"  class=\"choice-49 depth-1\"  >Vermont<\/option><option value=\"Virginia\"  class=\"choice-50 depth-1\"  >Virginia<\/option><option value=\"Washington\"  class=\"choice-51 depth-1\"  >Washington<\/option><option value=\"West Virginia\"  class=\"choice-52 depth-1\"  >West Virginia<\/option><option value=\"Wisconsin\"  class=\"choice-53 depth-1\"  >Wisconsin<\/option><option value=\"Wyoming\"  class=\"choice-54 depth-1\"  >Wyoming<\/option><option value=\"US Territories\"  class=\"choice-55 depth-1\"  >US Territories<\/option><\/select><\/div><div id=\"wpforms-379091-field_7-container\" class=\"wpforms-field wpforms-field-textarea\" data-field-id=\"7\"><label class=\"wpforms-field-label\" for=\"wpforms-379091-field_7\">Mensaje o Petici\u00f3n  <span class=\"wpforms-required-label\">*<\/span><\/label><textarea id=\"wpforms-379091-field_7\" class=\"wpforms-field-small wpforms-field-required wpforms-limit-words-enabled\" data-form-id=\"379091\" data-field-id=\"7\" data-text-limit=\"50\" name=\"wpforms[fields][7]\" placeholder=\"ATENCI\u00d3N: En caso de una emergencia, llame al 911 o comun\u00edquese con la polic\u00eda local.\" required><\/textarea><\/div><\/div><!-- .wpforms-field-container --><div class=\"wpforms-recaptcha-container wpforms-is-recaptcha wpforms-is-recaptcha-type-v2\" ><div class=\"g-recaptcha\" data-sitekey=\"6Ld4ERAkAAAAAEEZKmCRAGg2PdPy41PT6eSYU_YC\"><\/div><input type=\"text\" name=\"g-recaptcha-hidden\" class=\"wpforms-recaptcha-hidden\" style=\"position:absolute!important;clip:rect(0,0,0,0)!important;height:1px!important;width:1px!important;border:0!important;overflow:hidden!important;padding:0!important;margin:0!important;\" data-rule-recaptcha=\"1\"><\/div><div class=\"wpforms-submit-container\" ><input type=\"hidden\" name=\"wpforms[id]\" value=\"379091\"><input type=\"hidden\" name=\"page_title\" value=\"\"><input type=\"hidden\" name=\"page_url\" value=\"https:\/\/universalchurchusa.org\/es\/wp-json\/wp\/v2\/pages\/305589\"><input type=\"hidden\" name=\"url_referer\" value=\"\"><button type=\"submit\" name=\"wpforms[submit]\" id=\"wpforms-submit-379091\" class=\"wpforms-submit\" data-alt-text=\"Enviando...\" data-submit-text=\"Enviar\" aria-live=\"assertive\" value=\"wpforms-submit\">Enviar<\/button><img loading=\"lazy\" decoding=\"async\" src=\"https:\/\/universalchurchusa.org\/es\/wp-content\/plugins\/wpforms-lite\/assets\/images\/submit-spin.svg\" class=\"wpforms-submit-spinner\" style=\"display: none;\" width=\"26\" height=\"26\" alt=\"Loading\"><\/div><\/form><\/div>  <!-- .wpforms-container -->\n<p>&nbsp;<\/p>\n","protected":false},"excerpt":{"rendered":"<p>Cont\u00e1ctenos &#8211; La Iglesia Universal &nbsp; (AVISO IMPORTANTE: Debido a un problema t\u00e9cnico en nuestro sitio web, los formularios enviados entre el 17 de abril y el 22 de mayo se perdieron de forma irreversible. Lamentamos los inconvenientes que esto haya podido causar. Si envi\u00f3 un mensaje durante ese per\u00edodo, le pedimos amablemente que lo [&hellip;]<\/p>\n","protected":false},"author":281,"featured_media":0,"parent":0,"menu_order":0,"comment_status":"closed","ping_status":"closed","template":"","meta":{"footnotes":""},"site":[],"class_list":["post-305589","page","type-page","status-publish","hentry"],"_links":{"self":[{"href":"https:\/\/universalchurchusa.org\/es\/wp-json\/wp\/v2\/pages\/305589","targetHints":{"allow":["GET"]}}],"collection":[{"href":"https:\/\/universalchurchusa.org\/es\/wp-json\/wp\/v2\/pages"}],"about":[{"href":"https:\/\/universalchurchusa.org\/es\/wp-json\/wp\/v2\/types\/page"}],"author":[{"embeddable":true,"href":"https:\/\/universalchurchusa.org\/es\/wp-json\/wp\/v2\/users\/281"}],"replies":[{"embeddable":true,"href":"https:\/\/universalchurchusa.org\/es\/wp-json\/wp\/v2\/comments?post=305589"}],"version-history":[{"count":12,"href":"https:\/\/universalchurchusa.org\/es\/wp-json\/wp\/v2\/pages\/305589\/revisions"}],"predecessor-version":[{"id":388209,"href":"https:\/\/universalchurchusa.org\/es\/wp-json\/wp\/v2\/pages\/305589\/revisions\/388209"}],"wp:attachment":[{"href":"https:\/\/universalchurchusa.org\/es\/wp-json\/wp\/v2\/media?parent=305589"}],"wp:term":[{"taxonomy":"site","embeddable":true,"href":"https:\/\/universalchurchusa.org\/es\/wp-json\/wp\/v2\/site?post=305589"}],"curies":[{"name":"wp","href":"https:\/\/api.w.org\/{rel}","templated":true}]}}